{"id":6947,"date":"2019-02-07T16:17:17","date_gmt":"2019-02-07T16:17:17","guid":{"rendered":"https:\/\/www.angelsurfschool.com\/?page_id=6947"},"modified":"2024-07-08T14:54:31","modified_gmt":"2024-07-08T14:54:31","slug":"cookie-policy","status":"publish","type":"page","link":"https:\/\/www.angelsurfschool.com\/fr\/cookie-policy\/","title":{"rendered":"Cookies Policy"},"content":{"rendered":"<p><strong>The ANGELS SURF SCHOOL website uses cookies to enhance its performance and user experience, eliminating the need to repeatedly enter the same information.<\/strong><\/p>\n<ol>\n<li><strong>What are Cookies?<\/strong><\/li>\n<\/ol>\n<p>Cookies are text files stored in your browser when you visit a website. These files are used by most websites to improve performance and user experience and only collect anonymous information, not allowing access to users&rsquo; computer or any personal information.<\/p>\n<p>ANGELS SURF SCHOOL has no control over the creation of cookies that are used by content providers that can be inserted or shared on the ANGELS SURF SCHOOL website, in particular the YouTube content. By accessing these publications with such third-party content, cookies from these websites may be created.<\/p>\n<p>More information about cookies can be found at <a href=\"http:\/\/www.allaboutcookies.org\" target=\"_blank\" rel=\"noopener\">www.allaboutcookies.org<\/a>.<\/p>\n<ol start=\"2\">\n<li><strong>Types of cookies used by ANGELS SURF SCHOOL<\/strong><\/li>\n<\/ol>\n<table class=\"wt-cli-element cookielawinfo-row-cat-table cookielawinfo-winter\"><thead><tr><th scope=\"col\" class=\"cookielawinfo-column-1\">Cookie<\/th><th scope=\"col\" class=\"cookielawinfo-column-2\">Type<\/th><th scope=\"col\" class=\"cookielawinfo-column-3\">Dur\u00e9e<\/th><th scope=\"col\" class=\"cookielawinfo-column-4\">Description<\/th><\/tr><\/thead><tbody><tr class=\"cookielawinfo-row\"><td class=\"cookielawinfo-column-1\">_fbp<\/td><td class=\"cookielawinfo-column-2\"><\/td><td class=\"cookielawinfo-column-3\">3 mois<\/td><td class=\"cookielawinfo-column-4\">Facebook d\u00e9finit ce cookie pour afficher des publicit\u00e9s sur Facebook ou sur une plateforme num\u00e9rique aliment\u00e9e par la publicit\u00e9 Facebook apr\u00e8s avoir visit\u00e9 le site Web.<\/td><\/tr><tr class=\"cookielawinfo-row\"><td class=\"cookielawinfo-column-1\">_ga<\/td><td class=\"cookielawinfo-column-2\"><\/td><td class=\"cookielawinfo-column-3\">1 an 1 mois 4 jours<\/td><td class=\"cookielawinfo-column-4\">Google Analytics d\u00e9finit ce cookie pour calculer les donn\u00e9es des visiteurs, des sessions et des campagnes et suivre l\u2019utilisation du site pour le rapport d\u2019analyse du site. Le cookie stocke des informations de mani\u00e8re anonyme et attribue un num\u00e9ro g\u00e9n\u00e9r\u00e9 de mani\u00e8re al\u00e9atoire pour reconna\u00eetre les visiteurs uniques.<\/td><\/tr><tr class=\"cookielawinfo-row\"><td class=\"cookielawinfo-column-1\">_ga_*<\/td><td class=\"cookielawinfo-column-2\"><\/td><td class=\"cookielawinfo-column-3\">1 an 1 moi 4 jours<\/td><td class=\"cookielawinfo-column-4\">Google Analytics d\u00e9finit ce cookie pour stocker et compter les pages vues.<\/td><\/tr><tr class=\"cookielawinfo-row\"><td class=\"cookielawinfo-column-1\">_gat_gtag_UA_*<\/td><td class=\"cookielawinfo-column-2\"><\/td><td class=\"cookielawinfo-column-3\">1 minute<\/td><td class=\"cookielawinfo-column-4\">Google Analytics d\u00e9finit ce cookie pour stocker un identifiant d\u2019utilisateur unique.<\/td><\/tr><tr class=\"cookielawinfo-row\"><td class=\"cookielawinfo-column-1\">_gcl_au<\/td><td class=\"cookielawinfo-column-2\"><\/td><td class=\"cookielawinfo-column-3\">3 mois<\/td><td class=\"cookielawinfo-column-4\">Google Tag Manager d\u00e9finit le cookie pour tester l\u2019efficacit\u00e9 publicitaire des sites Web utilisant ses services.<\/td><\/tr><tr class=\"cookielawinfo-row\"><td class=\"cookielawinfo-column-1\">_gid<\/td><td class=\"cookielawinfo-column-2\"><\/td><td class=\"cookielawinfo-column-3\">1 jour<\/td><td class=\"cookielawinfo-column-4\">Google Analytics d\u00e9finit ce cookie pour stocker des informations sur la fa\u00e7on dont les visiteurs utilisent un site Web tout en cr\u00e9ant un rapport d\u2019analyse des performances du site Web. Certaines des donn\u00e9es collect\u00e9es incluent le nombre de visiteurs, leur source et les pages qu\u2019ils visitent de mani\u00e8re anonyme.<\/td><\/tr><tr class=\"cookielawinfo-row\"><td class=\"cookielawinfo-column-1\">_GRECAPTCHA<\/td><td class=\"cookielawinfo-column-2\"><\/td><td class=\"cookielawinfo-column-3\">6 mois<\/td><td class=\"cookielawinfo-column-4\">Le service Google Recaptcha d\u00e9finit ce cookie pour identifier les bots afin de prot\u00e9ger le site Web contre les attaques de spam malveillantes.<\/td><\/tr><tr class=\"cookielawinfo-row\"><td class=\"cookielawinfo-column-1\">ccc<\/td><td class=\"cookielawinfo-column-2\"><\/td><td class=\"cookielawinfo-column-3\">1 moi<\/td><td class=\"cookielawinfo-column-4\">La description n\u2019est actuellement pas disponible.<\/td><\/tr><tr class=\"cookielawinfo-row\"><td class=\"cookielawinfo-column-1\">cli_user_preference<\/td><td class=\"cookielawinfo-column-2\"><\/td><td class=\"cookielawinfo-column-3\">Session<\/td><td class=\"cookielawinfo-column-4\">Ce cookie est d\u00e9fini par le plugin GDPR Cookie Consent. L\u2019objectif de ce cookie est de stocker si l\u2019utilisateur a donn\u00e9 son consentement ou non \u00e0 l\u2019utilisation des cookies. Il ne stocke aucune donn\u00e9e personnelle.<\/td><\/tr><tr class=\"cookielawinfo-row\"><td class=\"cookielawinfo-column-1\">cookielawinfo-checkbox-advertisement<\/td><td class=\"cookielawinfo-column-2\"><\/td><td class=\"cookielawinfo-column-3\">1 an<\/td><td class=\"cookielawinfo-column-4\">D\u00e9fini par le plugin GDPR Cookie Consent, ce cookie enregistre le consentement de l\u2019utilisateur pour les cookies de la cat\u00e9gorie \u00ab Publicit\u00e9 \u00bb.<\/td><\/tr><tr class=\"cookielawinfo-row\"><td class=\"cookielawinfo-column-1\">cookielawinfo-checkbox-analytics<\/td><td class=\"cookielawinfo-column-2\">0<\/td><td class=\"cookielawinfo-column-3\">11 mois<\/td><td class=\"cookielawinfo-column-4\">Ce cookie est d\u00e9fini par le plugin GDPR Cookie Consent. Le cookie est utilis\u00e9 pour stocker le consentement de l\u2019utilisateur pour les cookies de la cat\u00e9gorie \u00ab Analytics \u00bb.<\/td><\/tr><tr class=\"cookielawinfo-row\"><td class=\"cookielawinfo-column-1\">cookielawinfo-checkbox-functional<\/td><td class=\"cookielawinfo-column-2\">0<\/td><td class=\"cookielawinfo-column-3\">11 mois<\/td><td class=\"cookielawinfo-column-4\">Le cookie est d\u00e9fini par le consentement aux cookies RGPD pour enregistrer le consentement de l\u2019utilisateur pour les cookies dans la cat\u00e9gorie \u00ab\u00a0Fonctionnel\u00a0\u00bb.<\/td><\/tr><tr class=\"cookielawinfo-row\"><td class=\"cookielawinfo-column-1\">cookielawinfo-checkbox-necessary<\/td><td class=\"cookielawinfo-column-2\">0<\/td><td class=\"cookielawinfo-column-3\">11 mois<\/td><td class=\"cookielawinfo-column-4\">Ce cookie est d\u00e9fini par le plugin GDPR Cookie Consent. Les cookies sont utilis\u00e9s pour stocker le consentement de l\u2019utilisateur pour les cookies de la cat\u00e9gorie \u00ab N\u00e9cessaire \u00bb.<\/td><\/tr><tr class=\"cookielawinfo-row\"><td class=\"cookielawinfo-column-1\">cookielawinfo-checkbox-others<\/td><td class=\"cookielawinfo-column-2\">0<\/td><td class=\"cookielawinfo-column-3\">11 mois<\/td><td class=\"cookielawinfo-column-4\">Ce cookie est d\u00e9fini par le plugin GDPR Cookie Consent. Le cookie est utilis\u00e9 pour stocker le consentement de l\u2019utilisateur pour les cookies de la cat\u00e9gorie \u00ab Autre.<\/td><\/tr><tr class=\"cookielawinfo-row\"><td class=\"cookielawinfo-column-1\">cookielawinfo-checkbox-performance<\/td><td class=\"cookielawinfo-column-2\">0<\/td><td class=\"cookielawinfo-column-3\">11 mois<\/td><td class=\"cookielawinfo-column-4\">Ce cookie est d\u00e9fini par le plugin GDPR Cookie Consent. Le cookie est utilis\u00e9 pour stocker le consentement de l\u2019utilisateur pour les cookies de la cat\u00e9gorie \u00ab Performance \u00bb.<\/td><\/tr><tr class=\"cookielawinfo-row\"><td class=\"cookielawinfo-column-1\">CookieLawInfoConsent<\/td><td class=\"cookielawinfo-column-2\"><\/td><td class=\"cookielawinfo-column-3\">1 an<\/td><td class=\"cookielawinfo-column-4\">CookieYes d\u00e9finit ce cookie pour enregistrer l\u2019\u00e9tat du bouton par d\u00e9faut de la cat\u00e9gorie correspondante et le statut du CCPA. Il ne fonctionne qu\u2019en coordination avec le cookie principal.<\/td><\/tr><tr class=\"cookielawinfo-row\"><td class=\"cookielawinfo-column-1\">flrb<\/td><td class=\"cookielawinfo-column-2\"><\/td><td class=\"cookielawinfo-column-3\">2 Heures<\/td><td class=\"cookielawinfo-column-4\">Flickr d\u00e9finit ce cookie pour stocker des informations sur les donn\u00e9es et le comportement des utilisateurs, afin de cibler efficacement l\u2019audience.<\/td><\/tr><tr class=\"cookielawinfo-row\"><td class=\"cookielawinfo-column-1\">flrbgdrp<\/td><td class=\"cookielawinfo-column-2\"><\/td><td class=\"cookielawinfo-column-3\">6 mois<\/td><td class=\"cookielawinfo-column-4\">Flickr d\u00e9finit ce cookie pour stocker des informations sur les donn\u00e9es et le comportement des utilisateurs, afin de cibler efficacement l\u2019audience.<\/td><\/tr><tr class=\"cookielawinfo-row\"><td class=\"cookielawinfo-column-1\">flrbgmrp<\/td><td class=\"cookielawinfo-column-2\"><\/td><td class=\"cookielawinfo-column-3\">6 mois<\/td><td class=\"cookielawinfo-column-4\">Flickr d\u00e9finit ce cookie pour stocker des informations sur les donn\u00e9es et le comportement des utilisateurs, afin de cibler efficacement l\u2019audience.<\/td><\/tr><tr class=\"cookielawinfo-row\"><td class=\"cookielawinfo-column-1\">flrbgrp<\/td><td class=\"cookielawinfo-column-2\"><\/td><td class=\"cookielawinfo-column-3\">6 mois<\/td><td class=\"cookielawinfo-column-4\">Flickr d\u00e9finit ce cookie pour stocker des informations sur les donn\u00e9es et le comportement des utilisateurs, afin de cibler efficacement l\u2019audience.<\/td><\/tr><tr class=\"cookielawinfo-row\"><td class=\"cookielawinfo-column-1\">flrbp<\/td><td class=\"cookielawinfo-column-2\"><\/td><td class=\"cookielawinfo-column-3\">6 mois<\/td><td class=\"cookielawinfo-column-4\">Flickr d\u00e9finit ce cookie pour stocker des informations sur les donn\u00e9es et le comportement des utilisateurs, afin de cibler efficacement l\u2019audience.<\/td><\/tr><tr class=\"cookielawinfo-row\"><td class=\"cookielawinfo-column-1\">flrbrp<\/td><td class=\"cookielawinfo-column-2\"><\/td><td class=\"cookielawinfo-column-3\">6 mois<\/td><td class=\"cookielawinfo-column-4\">Flickr d\u00e9finit ce cookie pour stocker des informations sur les donn\u00e9es et le comportement des utilisateurs, afin de cibler efficacement l\u2019audience.<\/td><\/tr><tr class=\"cookielawinfo-row\"><td class=\"cookielawinfo-column-1\">flrbrst<\/td><td class=\"cookielawinfo-column-2\"><\/td><td class=\"cookielawinfo-column-3\">6 mois<\/td><td class=\"cookielawinfo-column-4\">Flickr d\u00e9finit ce cookie pour stocker des informations sur les donn\u00e9es et le comportement des utilisateurs, afin de cibler efficacement l\u2019audience.<\/td><\/tr><tr class=\"cookielawinfo-row\"><td class=\"cookielawinfo-column-1\">flrtags<\/td><td class=\"cookielawinfo-column-2\"><\/td><td class=\"cookielawinfo-column-3\">6 mois<\/td><td class=\"cookielawinfo-column-4\">Flickr d\u00e9finit ce cookie pour stocker des informations sur les donn\u00e9es et le comportement des utilisateurs, afin de cibler efficacement l\u2019audience.<\/td><\/tr><tr class=\"cookielawinfo-row\"><td class=\"cookielawinfo-column-1\">IDE<\/td><td class=\"cookielawinfo-column-2\"><\/td><td class=\"cookielawinfo-column-3\">1 an 24 jours<\/td><td class=\"cookielawinfo-column-4\">Les cookies de Google DoubleClick IDE stockent des informations sur la fa\u00e7on dont l\u2019utilisateur utilise le site web pour lui pr\u00e9senter des publicit\u00e9s pertinentes en fonction du profil de l\u2019utilisateur.<\/td><\/tr><tr class=\"cookielawinfo-row\"><td class=\"cookielawinfo-column-1\">localization<\/td><td class=\"cookielawinfo-column-2\"><\/td><td class=\"cookielawinfo-column-3\">2 ans<\/td><td class=\"cookielawinfo-column-4\">Le cookie de localisation stocke les pr\u00e9f\u00e9rences de l\u2019utilisateur en mati\u00e8re de langue et de r\u00e9gion afin de fournir une exp\u00e9rience de navigation personnalis\u00e9e.<\/td><\/tr><tr class=\"cookielawinfo-row\"><td class=\"cookielawinfo-column-1\">test_cookie<\/td><td class=\"cookielawinfo-column-2\"><\/td><td class=\"cookielawinfo-column-3\">15 minutes<\/td><td class=\"cookielawinfo-column-4\">doubleclick.net d\u00e9finit ce cookie pour d\u00e9terminer si le navigateur de l\u2019utilisateur prend en charge les cookies.<\/td><\/tr><tr class=\"cookielawinfo-row\"><td class=\"cookielawinfo-column-1\">viewed_cookie_policy<\/td><td class=\"cookielawinfo-column-2\">0<\/td><td class=\"cookielawinfo-column-3\">11 mois<\/td><td class=\"cookielawinfo-column-4\">Le cookie est d\u00e9fini par le plugin GDPR Cookie Consent et est utilis\u00e9 pour stocker si l\u2019utilisateur a consenti ou non \u00e0 l\u2019utilisation de cookies. Il ne stocke aucune donn\u00e9e personnelle.<\/td><\/tr><tr class=\"cookielawinfo-row\"><td class=\"cookielawinfo-column-1\">Wp_lang<\/td><td class=\"cookielawinfo-column-2\"><\/td><td class=\"cookielawinfo-column-3\">Session<\/td><td class=\"cookielawinfo-column-4\">Pour stocker les param\u00e8tres de langue.<\/td><\/tr><tr class=\"cookielawinfo-row\"><td class=\"cookielawinfo-column-1\">xb<\/td><td class=\"cookielawinfo-column-2\"><\/td><td class=\"cookielawinfo-column-3\">10 ans<\/td><td class=\"cookielawinfo-column-4\">La description n\u2019est actuellement pas disponible.<\/td><\/tr><\/tbody><\/table>\n<ol start=\"3\">\n<li><strong> Blocking the use of cookies<\/strong><\/li>\n<\/ol>\n<p>You can block the creation of cookies through your browser settings. However, blocking all cookies (including login cookies) may not allow you to access some features of the site.<\/p>\n<p>Usually, any changes to the web browser level regarding how cookies are used and \/ or accepted can be performed in the \u00ab\u00a0Options\u00a0\u00bb or \u00ab\u00a0Browser Preferences\u00a0\u00bb section.<\/p>\n<p>Here are some instructions to block the use of cookies for the most common Internet browsers:<\/p>\n<ul>\n<li><a href=\"http:\/\/support.google.com\/chrome\/bin\/answer.py?hl=pt&amp;answer=95647\" target=\"_blank\" rel=\"noopener\">Google Chrome<\/a><\/li>\n<li><a href=\"http:\/\/windows.microsoft.com\/pt-pt\/windows7\/how-to-manage-cookies-in-internet-explorer-9\" target=\"_blank\" rel=\"noopener\">Internet Explorer<\/a><\/li>\n<li><a href=\"https:\/\/support.mozilla.org\/pt-PT\/kb\/ativar-e-desativar-cookies-que-os-websites-utiliza\" target=\"_blank\" rel=\"noopener\">Mozilla Firefox<\/a><\/li>\n<li><a href=\"https:\/\/support.apple.com\/pt-pt\/HT201265\" target=\"_blank\" rel=\"noopener\">Apple Safari<\/a><\/li>\n<\/ul>\n<p>Users can choose not to share their data with Google services. To do so, they must access the Ads Preferences Manager and the Analytics Opt-out Browser Add-on.<\/p>\n<ol start=\"4\">\n<li><strong> Cookies policy update <\/strong><\/li>\n<\/ol>\n<p>Our cookies policy may be periodically updated to reflect, for example, changes in the cookies we use, or for other operational or legal reasons. Please go through this page regularly to keep informed about the use of cookies.<\/p>\n<ol start=\"5\">\n<li><strong>More information<\/strong><\/li>\n<\/ol>\n<p>If you still have questions or concerns, please contact us: <a href=\"mailto:angelssurfschool@gmail.com\">angelssurfschool@gmail.com<\/a>.<\/p>\n<p><em>VERSION 1.0 in force at 1st of October of 2018<\/em><\/p>\n","protected":false},"excerpt":{"rendered":"<p>The ANGELS SURF SCHOOL website uses cookies to enhance its performance and user experience, eliminating the need to repeatedly enter the same information. What are Cookies?<span class=\"excerpt-hellip\"> [\u2026]<\/span><\/p>\n","protected":false},"author":3,"featured_media":0,"parent":0,"menu_order":12,"comment_status":"closed","ping_status":"closed","template":"","meta":{"footnotes":""},"class_list":["post-6947","page","type-page","status-publish","hentry"],"yoast_head":"<!-- This site is optimized with the Yoast SEO plugin v27.1.1 - https:\/\/yoast.com\/product\/yoast-seo-wordpress\/ -->\n<title>Surf School, Carcavelos | Angels Surf School - Cookies Policy (fr)<\/title>\n<meta name=\"description\" content=\"Surf School founded &amp; run by a former portuguese surf champion &amp; vice european champion. | Angels Surf School - Cookies Policy\u00a0(fr)\" \/>\n<meta name=\"robots\" content=\"index, follow, max-snippet:-1, max-image-preview:large, max-video-preview:-1\" \/>\n<link rel=\"canonical\" href=\"https:\/\/www.angelsurfschool.com\/fr\/cookie-policy\/\" \/>\n<meta property=\"og:locale\" content=\"fr_FR\" \/>\n<meta property=\"og:type\" content=\"article\" \/>\n<meta property=\"og:title\" content=\"Surf School, Carcavelos | Angels Surf School - Cookies Policy (fr)\" \/>\n<meta property=\"og:description\" content=\"Surf School founded &amp; run by a former portuguese surf champion &amp; vice european champion. | Angels Surf School - Cookies Policy\u00a0(fr)\" \/>\n<meta property=\"og:url\" content=\"https:\/\/www.angelsurfschool.com\/fr\/cookie-policy\/\" \/>\n<meta property=\"og:site_name\" content=\"Angel Surf School\" \/>\n<meta property=\"article:modified_time\" content=\"2024-07-08T14:54:31+00:00\" \/>\n<meta name=\"twitter:card\" content=\"summary_large_image\" \/>\n<meta name=\"twitter:label1\" content=\"Dur\u00e9e de lecture estim\u00e9e\" \/>\n\t<meta name=\"twitter:data1\" content=\"2 minutes\" \/>\n<script type=\"application\/ld+json\" class=\"yoast-schema-graph\">{\"@context\":\"https:\/\/schema.org\",\"@graph\":[{\"@type\":\"WebPage\",\"@id\":\"https:\/\/www.angelsurfschool.com\/fr\/cookie-policy\/\",\"url\":\"https:\/\/www.angelsurfschool.com\/fr\/cookie-policy\/\",\"name\":\"Surf School, Carcavelos | Angels Surf School - Cookies Policy (fr)\",\"isPartOf\":{\"@id\":\"https:\/\/www.angelsurfschool.com\/#website\"},\"datePublished\":\"2019-02-07T16:17:17+00:00\",\"dateModified\":\"2024-07-08T14:54:31+00:00\",\"description\":\"Surf School founded & run by a former portuguese surf champion & vice european champion. | Angels Surf School - Cookies Policy\u00a0(fr)\",\"breadcrumb\":{\"@id\":\"https:\/\/www.angelsurfschool.com\/fr\/cookie-policy\/#breadcrumb\"},\"inLanguage\":\"fr-FR\",\"potentialAction\":[{\"@type\":\"ReadAction\",\"target\":[\"https:\/\/www.angelsurfschool.com\/fr\/cookie-policy\/\"]}]},{\"@type\":\"BreadcrumbList\",\"@id\":\"https:\/\/www.angelsurfschool.com\/fr\/cookie-policy\/#breadcrumb\",\"itemListElement\":[{\"@type\":\"ListItem\",\"position\":1,\"name\":\"In\u00edcio\",\"item\":\"https:\/\/www.angelsurfschool.com\/fr\/\"},{\"@type\":\"ListItem\",\"position\":2,\"name\":\"Cookies Policy\"}]},{\"@type\":\"WebSite\",\"@id\":\"https:\/\/www.angelsurfschool.com\/#website\",\"url\":\"https:\/\/www.angelsurfschool.com\/\",\"name\":\"Angel Surf School\",\"description\":\"\u00c9cole de Surf \u00e0 Lisbone - Carcavelos\",\"publisher\":{\"@id\":\"https:\/\/www.angelsurfschool.com\/#organization\"},\"potentialAction\":[{\"@type\":\"SearchAction\",\"target\":{\"@type\":\"EntryPoint\",\"urlTemplate\":\"https:\/\/www.angelsurfschool.com\/?s={search_term_string}\"},\"query-input\":{\"@type\":\"PropertyValueSpecification\",\"valueRequired\":true,\"valueName\":\"search_term_string\"}}],\"inLanguage\":\"fr-FR\"},{\"@type\":\"Organization\",\"@id\":\"https:\/\/www.angelsurfschool.com\/#organization\",\"name\":\"Angels Surf School\",\"url\":\"https:\/\/www.angelsurfschool.com\/\",\"logo\":{\"@type\":\"ImageObject\",\"inLanguage\":\"fr-FR\",\"@id\":\"https:\/\/www.angelsurfschool.com\/#\/schema\/logo\/image\/\",\"url\":\"https:\/\/www.angelsurfschool.com\/wp-content\/uploads\/2016\/02\/escola-de-surf-angels-surf-school-retina-logo.png\",\"contentUrl\":\"https:\/\/www.angelsurfschool.com\/wp-content\/uploads\/2016\/02\/escola-de-surf-angels-surf-school-retina-logo.png\",\"width\":980,\"height\":862,\"caption\":\"Angels Surf School\"},\"image\":{\"@id\":\"https:\/\/www.angelsurfschool.com\/#\/schema\/logo\/image\/\"}}]}<\/script>\n<!-- \/ Yoast SEO plugin. -->","yoast_head_json":{"title":"Surf School, Carcavelos | Angels Surf School - Cookies Policy (fr)","description":"Surf School founded & run by a former portuguese surf champion & vice european champion. | Angels Surf School - Cookies Policy\u00a0(fr)","robots":{"index":"index","follow":"follow","max-snippet":"max-snippet:-1","max-image-preview":"max-image-preview:large","max-video-preview":"max-video-preview:-1"},"canonical":"https:\/\/www.angelsurfschool.com\/fr\/cookie-policy\/","og_locale":"fr_FR","og_type":"article","og_title":"Surf School, Carcavelos | Angels Surf School - Cookies Policy (fr)","og_description":"Surf School founded & run by a former portuguese surf champion & vice european champion. | Angels Surf School - Cookies Policy\u00a0(fr)","og_url":"https:\/\/www.angelsurfschool.com\/fr\/cookie-policy\/","og_site_name":"Angel Surf School","article_modified_time":"2024-07-08T14:54:31+00:00","twitter_card":"summary_large_image","twitter_misc":{"Dur\u00e9e de lecture estim\u00e9e":"2 minutes"},"schema":{"@context":"https:\/\/schema.org","@graph":[{"@type":"WebPage","@id":"https:\/\/www.angelsurfschool.com\/fr\/cookie-policy\/","url":"https:\/\/www.angelsurfschool.com\/fr\/cookie-policy\/","name":"Surf School, Carcavelos | Angels Surf School - Cookies Policy (fr)","isPartOf":{"@id":"https:\/\/www.angelsurfschool.com\/#website"},"datePublished":"2019-02-07T16:17:17+00:00","dateModified":"2024-07-08T14:54:31+00:00","description":"Surf School founded & run by a former portuguese surf champion & vice european champion. | Angels Surf School - Cookies Policy\u00a0(fr)","breadcrumb":{"@id":"https:\/\/www.angelsurfschool.com\/fr\/cookie-policy\/#breadcrumb"},"inLanguage":"fr-FR","potentialAction":[{"@type":"ReadAction","target":["https:\/\/www.angelsurfschool.com\/fr\/cookie-policy\/"]}]},{"@type":"BreadcrumbList","@id":"https:\/\/www.angelsurfschool.com\/fr\/cookie-policy\/#breadcrumb","itemListElement":[{"@type":"ListItem","position":1,"name":"In\u00edcio","item":"https:\/\/www.angelsurfschool.com\/fr\/"},{"@type":"ListItem","position":2,"name":"Cookies Policy"}]},{"@type":"WebSite","@id":"https:\/\/www.angelsurfschool.com\/#website","url":"https:\/\/www.angelsurfschool.com\/","name":"Angel Surf School","description":"\u00c9cole de Surf \u00e0 Lisbone - Carcavelos","publisher":{"@id":"https:\/\/www.angelsurfschool.com\/#organization"},"potentialAction":[{"@type":"SearchAction","target":{"@type":"EntryPoint","urlTemplate":"https:\/\/www.angelsurfschool.com\/?s={search_term_string}"},"query-input":{"@type":"PropertyValueSpecification","valueRequired":true,"valueName":"search_term_string"}}],"inLanguage":"fr-FR"},{"@type":"Organization","@id":"https:\/\/www.angelsurfschool.com\/#organization","name":"Angels Surf School","url":"https:\/\/www.angelsurfschool.com\/","logo":{"@type":"ImageObject","inLanguage":"fr-FR","@id":"https:\/\/www.angelsurfschool.com\/#\/schema\/logo\/image\/","url":"https:\/\/www.angelsurfschool.com\/wp-content\/uploads\/2016\/02\/escola-de-surf-angels-surf-school-retina-logo.png","contentUrl":"https:\/\/www.angelsurfschool.com\/wp-content\/uploads\/2016\/02\/escola-de-surf-angels-surf-school-retina-logo.png","width":980,"height":862,"caption":"Angels Surf School"},"image":{"@id":"https:\/\/www.angelsurfschool.com\/#\/schema\/logo\/image\/"}}]}},"_links":{"self":[{"href":"https:\/\/www.angelsurfschool.com\/fr\/wp-json\/wp\/v2\/pages\/6947","targetHints":{"allow":["GET"]}}],"collection":[{"href":"https:\/\/www.angelsurfschool.com\/fr\/wp-json\/wp\/v2\/pages"}],"about":[{"href":"https:\/\/www.angelsurfschool.com\/fr\/wp-json\/wp\/v2\/types\/page"}],"author":[{"embeddable":true,"href":"https:\/\/www.angelsurfschool.com\/fr\/wp-json\/wp\/v2\/users\/3"}],"replies":[{"embeddable":true,"href":"https:\/\/www.angelsurfschool.com\/fr\/wp-json\/wp\/v2\/comments?post=6947"}],"version-history":[{"count":4,"href":"https:\/\/www.angelsurfschool.com\/fr\/wp-json\/wp\/v2\/pages\/6947\/revisions"}],"predecessor-version":[{"id":8560,"href":"https:\/\/www.angelsurfschool.com\/fr\/wp-json\/wp\/v2\/pages\/6947\/revisions\/8560"}],"wp:attachment":[{"href":"https:\/\/www.angelsurfschool.com\/fr\/wp-json\/wp\/v2\/media?parent=6947"}],"curies":[{"name":"wp","href":"https:\/\/api.w.org\/{rel}","templated":true}]}}