{"id":5666,"date":"2015-11-11T16:41:14","date_gmt":"2015-11-11T16:41:14","guid":{"rendered":"https:\/\/www.angelsurfschool.com\/fr\/aulas-de-surf-carcavelos\/aulas-surf-regulares\/"},"modified":"2025-10-01T14:41:15","modified_gmt":"2025-10-01T14:41:15","slug":"lecons-de-surf-regulieres","status":"publish","type":"page","link":"https:\/\/www.angelsurfschool.com\/fr\/lecons-de-surf\/lecons-de-surf-regulieres\/","title":{"rendered":"Le\u00e7ons R\u00e9guli\u00e8res"},"content":{"rendered":"","protected":false},"excerpt":{"rendered":"","protected":false},"author":3,"featured_media":7056,"parent":5664,"menu_order":3,"comment_status":"closed","ping_status":"closed","template":"","meta":{"footnotes":""},"class_list":["post-5666","page","type-page","status-publish","has-post-thumbnail","hentry"],"yoast_head":"<!-- This site is optimized with the Yoast SEO plugin v27.1.1 - https:\/\/yoast.com\/product\/yoast-seo-wordpress\/ -->\n<title>Le\u00e7ons de Surf, Carcavelos, Lisbonne | Angels Surf School<\/title>\n<meta name=\"description\" content=\"Le\u00e7ons de surf pour adultes\/enfants \u00e0 l\u2019ecole de surf Angels Surf School, Carcavelos. 3 niveaux de surf, cours en groupe\/individuels, et packs de cours.\" \/>\n<meta name=\"robots\" content=\"index, follow, max-snippet:-1, max-image-preview:large, max-video-preview:-1\" \/>\n<link rel=\"canonical\" href=\"https:\/\/www.angelsurfschool.com\/fr\/lecons-de-surf\/lecons-de-surf-regulieres\/\" \/>\n<meta property=\"og:locale\" content=\"fr_FR\" \/>\n<meta property=\"og:type\" content=\"article\" \/>\n<meta property=\"og:title\" content=\"Le\u00e7ons de Surf, Carcavelos, Lisbonne | Angels Surf School\" \/>\n<meta property=\"og:description\" content=\"Le\u00e7ons de surf pour adultes\/enfants \u00e0 l\u2019ecole de surf Angels Surf School, Carcavelos. 3 niveaux de surf, cours en groupe\/individuels, et packs de cours.\" \/>\n<meta property=\"og:url\" content=\"https:\/\/www.angelsurfschool.com\/fr\/lecons-de-surf\/lecons-de-surf-regulieres\/\" \/>\n<meta property=\"og:site_name\" content=\"Angel Surf School\" \/>\n<meta property=\"article:modified_time\" content=\"2025-10-01T14:41:15+00:00\" \/>\n<meta property=\"og:image\" content=\"https:\/\/www.angelsurfschool.com\/wp-content\/uploads\/2019\/02\/angels-surf-school_Aulas-Surf-Regulares-1.jpg\" \/>\n\t<meta property=\"og:image:width\" content=\"1920\" \/>\n\t<meta property=\"og:image:height\" content=\"1080\" \/>\n\t<meta property=\"og:image:type\" content=\"image\/jpeg\" \/>\n<meta name=\"twitter:card\" content=\"summary_large_image\" \/>\n<meta name=\"twitter:label1\" content=\"Dur\u00e9e de lecture estim\u00e9e\" \/>\n\t<meta name=\"twitter:data1\" content=\"1 minute\" \/>\n<script type=\"application\/ld+json\" class=\"yoast-schema-graph\">{\"@context\":\"https:\/\/schema.org\",\"@graph\":[{\"@type\":\"WebPage\",\"@id\":\"https:\/\/www.angelsurfschool.com\/fr\/lecons-de-surf\/lecons-de-surf-regulieres\/\",\"url\":\"https:\/\/www.angelsurfschool.com\/fr\/lecons-de-surf\/lecons-de-surf-regulieres\/\",\"name\":\"Le\u00e7ons de Surf, Carcavelos, Lisbonne | Angels Surf School\",\"isPartOf\":{\"@id\":\"https:\/\/www.angelsurfschool.com\/#website\"},\"primaryImageOfPage\":{\"@id\":\"https:\/\/www.angelsurfschool.com\/fr\/lecons-de-surf\/lecons-de-surf-regulieres\/#primaryimage\"},\"image\":{\"@id\":\"https:\/\/www.angelsurfschool.com\/fr\/lecons-de-surf\/lecons-de-surf-regulieres\/#primaryimage\"},\"thumbnailUrl\":\"https:\/\/www.angelsurfschool.com\/wp-content\/uploads\/2019\/02\/angels-surf-school_Aulas-Surf-Regulares-1.jpg\",\"datePublished\":\"2015-11-11T16:41:14+00:00\",\"dateModified\":\"2025-10-01T14:41:15+00:00\",\"description\":\"Le\u00e7ons de surf pour adultes\/enfants \u00e0 l\u2019ecole de surf Angels Surf School, Carcavelos. 3 niveaux de surf, cours en groupe\/individuels, et packs de cours.\",\"breadcrumb\":{\"@id\":\"https:\/\/www.angelsurfschool.com\/fr\/lecons-de-surf\/lecons-de-surf-regulieres\/#breadcrumb\"},\"inLanguage\":\"fr-FR\",\"potentialAction\":[{\"@type\":\"ReadAction\",\"target\":[\"https:\/\/www.angelsurfschool.com\/fr\/lecons-de-surf\/lecons-de-surf-regulieres\/\"]}]},{\"@type\":\"ImageObject\",\"inLanguage\":\"fr-FR\",\"@id\":\"https:\/\/www.angelsurfschool.com\/fr\/lecons-de-surf\/lecons-de-surf-regulieres\/#primaryimage\",\"url\":\"https:\/\/www.angelsurfschool.com\/wp-content\/uploads\/2019\/02\/angels-surf-school_Aulas-Surf-Regulares-1.jpg\",\"contentUrl\":\"https:\/\/www.angelsurfschool.com\/wp-content\/uploads\/2019\/02\/angels-surf-school_Aulas-Surf-Regulares-1.jpg\",\"width\":1920,\"height\":1080,\"caption\":\"angels surf school - aulas de surf regulares\"},{\"@type\":\"BreadcrumbList\",\"@id\":\"https:\/\/www.angelsurfschool.com\/fr\/lecons-de-surf\/lecons-de-surf-regulieres\/#breadcrumb\",\"itemListElement\":[{\"@type\":\"ListItem\",\"position\":1,\"name\":\"In\u00edcio\",\"item\":\"https:\/\/www.angelsurfschool.com\/fr\/\"},{\"@type\":\"ListItem\",\"position\":2,\"name\":\"Le\u00e7ons de Surf\",\"item\":\"https:\/\/www.angelsurfschool.com\/fr\/lecons-de-surf\/\"},{\"@type\":\"ListItem\",\"position\":3,\"name\":\"Le\u00e7ons R\u00e9guli\u00e8res\"}]},{\"@type\":\"WebSite\",\"@id\":\"https:\/\/www.angelsurfschool.com\/#website\",\"url\":\"https:\/\/www.angelsurfschool.com\/\",\"name\":\"Angel Surf School\",\"description\":\"\u00c9cole de Surf \u00e0 Lisbone - Carcavelos\",\"publisher\":{\"@id\":\"https:\/\/www.angelsurfschool.com\/#organization\"},\"potentialAction\":[{\"@type\":\"SearchAction\",\"target\":{\"@type\":\"EntryPoint\",\"urlTemplate\":\"https:\/\/www.angelsurfschool.com\/?s={search_term_string}\"},\"query-input\":{\"@type\":\"PropertyValueSpecification\",\"valueRequired\":true,\"valueName\":\"search_term_string\"}}],\"inLanguage\":\"fr-FR\"},{\"@type\":\"Organization\",\"@id\":\"https:\/\/www.angelsurfschool.com\/#organization\",\"name\":\"Angels Surf School\",\"url\":\"https:\/\/www.angelsurfschool.com\/\",\"logo\":{\"@type\":\"ImageObject\",\"inLanguage\":\"fr-FR\",\"@id\":\"https:\/\/www.angelsurfschool.com\/#\/schema\/logo\/image\/\",\"url\":\"https:\/\/www.angelsurfschool.com\/wp-content\/uploads\/2016\/02\/escola-de-surf-angels-surf-school-retina-logo.png\",\"contentUrl\":\"https:\/\/www.angelsurfschool.com\/wp-content\/uploads\/2016\/02\/escola-de-surf-angels-surf-school-retina-logo.png\",\"width\":980,\"height\":862,\"caption\":\"Angels Surf School\"},\"image\":{\"@id\":\"https:\/\/www.angelsurfschool.com\/#\/schema\/logo\/image\/\"}}]}<\/script>\n<!-- \/ Yoast SEO plugin. -->","yoast_head_json":{"title":"Le\u00e7ons de Surf, Carcavelos, Lisbonne | Angels Surf School","description":"Le\u00e7ons de surf pour adultes\/enfants \u00e0 l\u2019ecole de surf Angels Surf School, Carcavelos. 3 niveaux de surf, cours en groupe\/individuels, et packs de cours.","robots":{"index":"index","follow":"follow","max-snippet":"max-snippet:-1","max-image-preview":"max-image-preview:large","max-video-preview":"max-video-preview:-1"},"canonical":"https:\/\/www.angelsurfschool.com\/fr\/lecons-de-surf\/lecons-de-surf-regulieres\/","og_locale":"fr_FR","og_type":"article","og_title":"Le\u00e7ons de Surf, Carcavelos, Lisbonne | Angels Surf School","og_description":"Le\u00e7ons de surf pour adultes\/enfants \u00e0 l\u2019ecole de surf Angels Surf School, Carcavelos. 3 niveaux de surf, cours en groupe\/individuels, et packs de cours.","og_url":"https:\/\/www.angelsurfschool.com\/fr\/lecons-de-surf\/lecons-de-surf-regulieres\/","og_site_name":"Angel Surf School","article_modified_time":"2025-10-01T14:41:15+00:00","og_image":[{"width":1920,"height":1080,"url":"https:\/\/www.angelsurfschool.com\/wp-content\/uploads\/2019\/02\/angels-surf-school_Aulas-Surf-Regulares-1.jpg","type":"image\/jpeg"}],"twitter_card":"summary_large_image","twitter_misc":{"Dur\u00e9e de lecture estim\u00e9e":"1 minute"},"schema":{"@context":"https:\/\/schema.org","@graph":[{"@type":"WebPage","@id":"https:\/\/www.angelsurfschool.com\/fr\/lecons-de-surf\/lecons-de-surf-regulieres\/","url":"https:\/\/www.angelsurfschool.com\/fr\/lecons-de-surf\/lecons-de-surf-regulieres\/","name":"Le\u00e7ons de Surf, Carcavelos, Lisbonne | Angels Surf School","isPartOf":{"@id":"https:\/\/www.angelsurfschool.com\/#website"},"primaryImageOfPage":{"@id":"https:\/\/www.angelsurfschool.com\/fr\/lecons-de-surf\/lecons-de-surf-regulieres\/#primaryimage"},"image":{"@id":"https:\/\/www.angelsurfschool.com\/fr\/lecons-de-surf\/lecons-de-surf-regulieres\/#primaryimage"},"thumbnailUrl":"https:\/\/www.angelsurfschool.com\/wp-content\/uploads\/2019\/02\/angels-surf-school_Aulas-Surf-Regulares-1.jpg","datePublished":"2015-11-11T16:41:14+00:00","dateModified":"2025-10-01T14:41:15+00:00","description":"Le\u00e7ons de surf pour adultes\/enfants \u00e0 l\u2019ecole de surf Angels Surf School, Carcavelos. 3 niveaux de surf, cours en groupe\/individuels, et packs de cours.","breadcrumb":{"@id":"https:\/\/www.angelsurfschool.com\/fr\/lecons-de-surf\/lecons-de-surf-regulieres\/#breadcrumb"},"inLanguage":"fr-FR","potentialAction":[{"@type":"ReadAction","target":["https:\/\/www.angelsurfschool.com\/fr\/lecons-de-surf\/lecons-de-surf-regulieres\/"]}]},{"@type":"ImageObject","inLanguage":"fr-FR","@id":"https:\/\/www.angelsurfschool.com\/fr\/lecons-de-surf\/lecons-de-surf-regulieres\/#primaryimage","url":"https:\/\/www.angelsurfschool.com\/wp-content\/uploads\/2019\/02\/angels-surf-school_Aulas-Surf-Regulares-1.jpg","contentUrl":"https:\/\/www.angelsurfschool.com\/wp-content\/uploads\/2019\/02\/angels-surf-school_Aulas-Surf-Regulares-1.jpg","width":1920,"height":1080,"caption":"angels surf school - aulas de surf regulares"},{"@type":"BreadcrumbList","@id":"https:\/\/www.angelsurfschool.com\/fr\/lecons-de-surf\/lecons-de-surf-regulieres\/#breadcrumb","itemListElement":[{"@type":"ListItem","position":1,"name":"In\u00edcio","item":"https:\/\/www.angelsurfschool.com\/fr\/"},{"@type":"ListItem","position":2,"name":"Le\u00e7ons de Surf","item":"https:\/\/www.angelsurfschool.com\/fr\/lecons-de-surf\/"},{"@type":"ListItem","position":3,"name":"Le\u00e7ons R\u00e9guli\u00e8res"}]},{"@type":"WebSite","@id":"https:\/\/www.angelsurfschool.com\/#website","url":"https:\/\/www.angelsurfschool.com\/","name":"Angel Surf School","description":"\u00c9cole de Surf \u00e0 Lisbone - Carcavelos","publisher":{"@id":"https:\/\/www.angelsurfschool.com\/#organization"},"potentialAction":[{"@type":"SearchAction","target":{"@type":"EntryPoint","urlTemplate":"https:\/\/www.angelsurfschool.com\/?s={search_term_string}"},"query-input":{"@type":"PropertyValueSpecification","valueRequired":true,"valueName":"search_term_string"}}],"inLanguage":"fr-FR"},{"@type":"Organization","@id":"https:\/\/www.angelsurfschool.com\/#organization","name":"Angels Surf School","url":"https:\/\/www.angelsurfschool.com\/","logo":{"@type":"ImageObject","inLanguage":"fr-FR","@id":"https:\/\/www.angelsurfschool.com\/#\/schema\/logo\/image\/","url":"https:\/\/www.angelsurfschool.com\/wp-content\/uploads\/2016\/02\/escola-de-surf-angels-surf-school-retina-logo.png","contentUrl":"https:\/\/www.angelsurfschool.com\/wp-content\/uploads\/2016\/02\/escola-de-surf-angels-surf-school-retina-logo.png","width":980,"height":862,"caption":"Angels Surf School"},"image":{"@id":"https:\/\/www.angelsurfschool.com\/#\/schema\/logo\/image\/"}}]}},"_links":{"self":[{"href":"https:\/\/www.angelsurfschool.com\/fr\/wp-json\/wp\/v2\/pages\/5666","targetHints":{"allow":["GET"]}}],"collection":[{"href":"https:\/\/www.angelsurfschool.com\/fr\/wp-json\/wp\/v2\/pages"}],"about":[{"href":"https:\/\/www.angelsurfschool.com\/fr\/wp-json\/wp\/v2\/types\/page"}],"author":[{"embeddable":true,"href":"https:\/\/www.angelsurfschool.com\/fr\/wp-json\/wp\/v2\/users\/3"}],"replies":[{"embeddable":true,"href":"https:\/\/www.angelsurfschool.com\/fr\/wp-json\/wp\/v2\/comments?post=5666"}],"version-history":[{"count":1,"href":"https:\/\/www.angelsurfschool.com\/fr\/wp-json\/wp\/v2\/pages\/5666\/revisions"}],"predecessor-version":[{"id":7060,"href":"https:\/\/www.angelsurfschool.com\/fr\/wp-json\/wp\/v2\/pages\/5666\/revisions\/7060"}],"up":[{"embeddable":true,"href":"https:\/\/www.angelsurfschool.com\/fr\/wp-json\/wp\/v2\/pages\/5664"}],"wp:featuredmedia":[{"embeddable":true,"href":"https:\/\/www.angelsurfschool.com\/fr\/wp-json\/wp\/v2\/media\/7056"}],"wp:attachment":[{"href":"https:\/\/www.angelsurfschool.com\/fr\/wp-json\/wp\/v2\/media?parent=5666"}],"curies":[{"name":"wp","href":"https:\/\/api.w.org\/{rel}","templated":true}]}}