{"id":8196,"date":"2023-01-09T12:48:12","date_gmt":"2023-01-09T12:48:12","guid":{"rendered":"https:\/\/www.angelsurfschool.com\/?page_id=8196"},"modified":"2026-01-15T10:50:44","modified_gmt":"2026-01-15T10:50:44","slug":"surfkliniken","status":"publish","type":"page","link":"https:\/\/www.angelsurfschool.com\/de\/surfkliniken\/","title":{"rendered":"Surfkliniken"},"content":{"rendered":"","protected":false},"excerpt":{"rendered":"","protected":false},"author":7,"featured_media":6509,"parent":0,"menu_order":8,"comment_status":"closed","ping_status":"closed","template":"","meta":{"footnotes":""},"class_list":["post-8196","page","type-page","status-publish","has-post-thumbnail","hentry"],"yoast_head":"<!-- This site is optimized with the Yoast SEO plugin v27.1.1 - https:\/\/yoast.com\/product\/yoast-seo-wordpress\/ -->\n<title>Surfkliniken, Surfkurse | Angels Surf School - Lissabon<\/title>\n<meta name=\"description\" content=\"Freizeitbesch\u00e4ftigung w\u00e4hrend den Sommer- und Osterferien mit intensivem Surfkurs und anderen Aktivit\u00e4ten im und au\u00dferhalb des Wassers. |Angels Surf School\" \/>\n<meta name=\"robots\" content=\"index, follow, max-snippet:-1, max-image-preview:large, max-video-preview:-1\" \/>\n<link rel=\"canonical\" href=\"https:\/\/www.angelsurfschool.com\/de\/surfkliniken\/\" \/>\n<meta property=\"og:locale\" content=\"de_DE\" \/>\n<meta property=\"og:type\" content=\"article\" \/>\n<meta property=\"og:title\" content=\"Surfkliniken, Surfkurse | Angels Surf School - Lissabon\" \/>\n<meta property=\"og:description\" content=\"Freizeitbesch\u00e4ftigung w\u00e4hrend den Sommer- und Osterferien mit intensivem Surfkurs und anderen Aktivit\u00e4ten im und au\u00dferhalb des Wassers. |Angels Surf School\" \/>\n<meta property=\"og:url\" content=\"https:\/\/www.angelsurfschool.com\/de\/surfkliniken\/\" \/>\n<meta property=\"og:site_name\" content=\"Angel Surf School\" \/>\n<meta property=\"article:modified_time\" content=\"2026-01-15T10:50:44+00:00\" \/>\n<meta property=\"og:image\" content=\"https:\/\/www.angelsurfschool.com\/wp-content\/uploads\/2015\/11\/Head.Clin_.jpg\" \/>\n\t<meta property=\"og:image:width\" content=\"1920\" \/>\n\t<meta property=\"og:image:height\" content=\"650\" \/>\n\t<meta property=\"og:image:type\" content=\"image\/jpeg\" \/>\n<meta name=\"twitter:card\" content=\"summary_large_image\" \/>\n<meta name=\"twitter:label1\" content=\"Gesch\u00e4tzte Lesezeit\" \/>\n\t<meta name=\"twitter:data1\" content=\"1\u00a0Minute\" \/>\n<script type=\"application\/ld+json\" class=\"yoast-schema-graph\">{\"@context\":\"https:\/\/schema.org\",\"@graph\":[{\"@type\":\"WebPage\",\"@id\":\"https:\/\/www.angelsurfschool.com\/de\/surfkliniken\/\",\"url\":\"https:\/\/www.angelsurfschool.com\/de\/surfkliniken\/\",\"name\":\"Surfkliniken, Surfkurse | Angels Surf School - Lissabon\",\"isPartOf\":{\"@id\":\"https:\/\/www.angelsurfschool.com\/#website\"},\"primaryImageOfPage\":{\"@id\":\"https:\/\/www.angelsurfschool.com\/de\/surfkliniken\/#primaryimage\"},\"image\":{\"@id\":\"https:\/\/www.angelsurfschool.com\/de\/surfkliniken\/#primaryimage\"},\"thumbnailUrl\":\"https:\/\/www.angelsurfschool.com\/wp-content\/uploads\/2015\/11\/Head.Clin_.jpg\",\"datePublished\":\"2023-01-09T12:48:12+00:00\",\"dateModified\":\"2026-01-15T10:50:44+00:00\",\"description\":\"Freizeitbesch\u00e4ftigung w\u00e4hrend den Sommer- und Osterferien mit intensivem Surfkurs und anderen Aktivit\u00e4ten im und au\u00dferhalb des Wassers. |Angels Surf School\",\"breadcrumb\":{\"@id\":\"https:\/\/www.angelsurfschool.com\/de\/surfkliniken\/#breadcrumb\"},\"inLanguage\":\"de\",\"potentialAction\":[{\"@type\":\"ReadAction\",\"target\":[\"https:\/\/www.angelsurfschool.com\/de\/surfkliniken\/\"]}]},{\"@type\":\"ImageObject\",\"inLanguage\":\"de\",\"@id\":\"https:\/\/www.angelsurfschool.com\/de\/surfkliniken\/#primaryimage\",\"url\":\"https:\/\/www.angelsurfschool.com\/wp-content\/uploads\/2015\/11\/Head.Clin_.jpg\",\"contentUrl\":\"https:\/\/www.angelsurfschool.com\/wp-content\/uploads\/2015\/11\/Head.Clin_.jpg\",\"width\":1920,\"height\":650},{\"@type\":\"BreadcrumbList\",\"@id\":\"https:\/\/www.angelsurfschool.com\/de\/surfkliniken\/#breadcrumb\",\"itemListElement\":[{\"@type\":\"ListItem\",\"position\":1,\"name\":\"In\u00edcio\",\"item\":\"https:\/\/www.angelsurfschool.com\/de\/\"},{\"@type\":\"ListItem\",\"position\":2,\"name\":\"Surfkliniken\"}]},{\"@type\":\"WebSite\",\"@id\":\"https:\/\/www.angelsurfschool.com\/#website\",\"url\":\"https:\/\/www.angelsurfschool.com\/\",\"name\":\"Angel Surf School\",\"description\":\"Surfschule Lissabon, Carcavelos\",\"publisher\":{\"@id\":\"https:\/\/www.angelsurfschool.com\/#organization\"},\"potentialAction\":[{\"@type\":\"SearchAction\",\"target\":{\"@type\":\"EntryPoint\",\"urlTemplate\":\"https:\/\/www.angelsurfschool.com\/?s={search_term_string}\"},\"query-input\":{\"@type\":\"PropertyValueSpecification\",\"valueRequired\":true,\"valueName\":\"search_term_string\"}}],\"inLanguage\":\"de\"},{\"@type\":\"Organization\",\"@id\":\"https:\/\/www.angelsurfschool.com\/#organization\",\"name\":\"Angels Surf School\",\"url\":\"https:\/\/www.angelsurfschool.com\/\",\"logo\":{\"@type\":\"ImageObject\",\"inLanguage\":\"de\",\"@id\":\"https:\/\/www.angelsurfschool.com\/#\/schema\/logo\/image\/\",\"url\":\"https:\/\/www.angelsurfschool.com\/wp-content\/uploads\/2016\/02\/escola-de-surf-angels-surf-school-retina-logo.png\",\"contentUrl\":\"https:\/\/www.angelsurfschool.com\/wp-content\/uploads\/2016\/02\/escola-de-surf-angels-surf-school-retina-logo.png\",\"width\":980,\"height\":862,\"caption\":\"Angels Surf School\"},\"image\":{\"@id\":\"https:\/\/www.angelsurfschool.com\/#\/schema\/logo\/image\/\"}}]}<\/script>\n<!-- \/ Yoast SEO plugin. -->","yoast_head_json":{"title":"Surfkliniken, Surfkurse | Angels Surf School - Lissabon","description":"Freizeitbesch\u00e4ftigung w\u00e4hrend den Sommer- und Osterferien mit intensivem Surfkurs und anderen Aktivit\u00e4ten im und au\u00dferhalb des Wassers. |Angels Surf School","robots":{"index":"index","follow":"follow","max-snippet":"max-snippet:-1","max-image-preview":"max-image-preview:large","max-video-preview":"max-video-preview:-1"},"canonical":"https:\/\/www.angelsurfschool.com\/de\/surfkliniken\/","og_locale":"de_DE","og_type":"article","og_title":"Surfkliniken, Surfkurse | Angels Surf School - Lissabon","og_description":"Freizeitbesch\u00e4ftigung w\u00e4hrend den Sommer- und Osterferien mit intensivem Surfkurs und anderen Aktivit\u00e4ten im und au\u00dferhalb des Wassers. |Angels Surf School","og_url":"https:\/\/www.angelsurfschool.com\/de\/surfkliniken\/","og_site_name":"Angel Surf School","article_modified_time":"2026-01-15T10:50:44+00:00","og_image":[{"width":1920,"height":650,"url":"https:\/\/www.angelsurfschool.com\/wp-content\/uploads\/2015\/11\/Head.Clin_.jpg","type":"image\/jpeg"}],"twitter_card":"summary_large_image","twitter_misc":{"Gesch\u00e4tzte Lesezeit":"1\u00a0Minute"},"schema":{"@context":"https:\/\/schema.org","@graph":[{"@type":"WebPage","@id":"https:\/\/www.angelsurfschool.com\/de\/surfkliniken\/","url":"https:\/\/www.angelsurfschool.com\/de\/surfkliniken\/","name":"Surfkliniken, Surfkurse | Angels Surf School - Lissabon","isPartOf":{"@id":"https:\/\/www.angelsurfschool.com\/#website"},"primaryImageOfPage":{"@id":"https:\/\/www.angelsurfschool.com\/de\/surfkliniken\/#primaryimage"},"image":{"@id":"https:\/\/www.angelsurfschool.com\/de\/surfkliniken\/#primaryimage"},"thumbnailUrl":"https:\/\/www.angelsurfschool.com\/wp-content\/uploads\/2015\/11\/Head.Clin_.jpg","datePublished":"2023-01-09T12:48:12+00:00","dateModified":"2026-01-15T10:50:44+00:00","description":"Freizeitbesch\u00e4ftigung w\u00e4hrend den Sommer- und Osterferien mit intensivem Surfkurs und anderen Aktivit\u00e4ten im und au\u00dferhalb des Wassers. |Angels Surf School","breadcrumb":{"@id":"https:\/\/www.angelsurfschool.com\/de\/surfkliniken\/#breadcrumb"},"inLanguage":"de","potentialAction":[{"@type":"ReadAction","target":["https:\/\/www.angelsurfschool.com\/de\/surfkliniken\/"]}]},{"@type":"ImageObject","inLanguage":"de","@id":"https:\/\/www.angelsurfschool.com\/de\/surfkliniken\/#primaryimage","url":"https:\/\/www.angelsurfschool.com\/wp-content\/uploads\/2015\/11\/Head.Clin_.jpg","contentUrl":"https:\/\/www.angelsurfschool.com\/wp-content\/uploads\/2015\/11\/Head.Clin_.jpg","width":1920,"height":650},{"@type":"BreadcrumbList","@id":"https:\/\/www.angelsurfschool.com\/de\/surfkliniken\/#breadcrumb","itemListElement":[{"@type":"ListItem","position":1,"name":"In\u00edcio","item":"https:\/\/www.angelsurfschool.com\/de\/"},{"@type":"ListItem","position":2,"name":"Surfkliniken"}]},{"@type":"WebSite","@id":"https:\/\/www.angelsurfschool.com\/#website","url":"https:\/\/www.angelsurfschool.com\/","name":"Angel Surf School","description":"Surfschule Lissabon, Carcavelos","publisher":{"@id":"https:\/\/www.angelsurfschool.com\/#organization"},"potentialAction":[{"@type":"SearchAction","target":{"@type":"EntryPoint","urlTemplate":"https:\/\/www.angelsurfschool.com\/?s={search_term_string}"},"query-input":{"@type":"PropertyValueSpecification","valueRequired":true,"valueName":"search_term_string"}}],"inLanguage":"de"},{"@type":"Organization","@id":"https:\/\/www.angelsurfschool.com\/#organization","name":"Angels Surf School","url":"https:\/\/www.angelsurfschool.com\/","logo":{"@type":"ImageObject","inLanguage":"de","@id":"https:\/\/www.angelsurfschool.com\/#\/schema\/logo\/image\/","url":"https:\/\/www.angelsurfschool.com\/wp-content\/uploads\/2016\/02\/escola-de-surf-angels-surf-school-retina-logo.png","contentUrl":"https:\/\/www.angelsurfschool.com\/wp-content\/uploads\/2016\/02\/escola-de-surf-angels-surf-school-retina-logo.png","width":980,"height":862,"caption":"Angels Surf School"},"image":{"@id":"https:\/\/www.angelsurfschool.com\/#\/schema\/logo\/image\/"}}]}},"_links":{"self":[{"href":"https:\/\/www.angelsurfschool.com\/de\/wp-json\/wp\/v2\/pages\/8196","targetHints":{"allow":["GET"]}}],"collection":[{"href":"https:\/\/www.angelsurfschool.com\/de\/wp-json\/wp\/v2\/pages"}],"about":[{"href":"https:\/\/www.angelsurfschool.com\/de\/wp-json\/wp\/v2\/types\/page"}],"author":[{"embeddable":true,"href":"https:\/\/www.angelsurfschool.com\/de\/wp-json\/wp\/v2\/users\/7"}],"replies":[{"embeddable":true,"href":"https:\/\/www.angelsurfschool.com\/de\/wp-json\/wp\/v2\/comments?post=8196"}],"version-history":[{"count":1,"href":"https:\/\/www.angelsurfschool.com\/de\/wp-json\/wp\/v2\/pages\/8196\/revisions"}],"predecessor-version":[{"id":8202,"href":"https:\/\/www.angelsurfschool.com\/de\/wp-json\/wp\/v2\/pages\/8196\/revisions\/8202"}],"wp:featuredmedia":[{"embeddable":true,"href":"https:\/\/www.angelsurfschool.com\/de\/wp-json\/wp\/v2\/media\/6509"}],"wp:attachment":[{"href":"https:\/\/www.angelsurfschool.com\/de\/wp-json\/wp\/v2\/media?parent=8196"}],"curies":[{"name":"wp","href":"https:\/\/api.w.org\/{rel}","templated":true}]}}