{"id":7229,"date":"2019-11-22T18:33:19","date_gmt":"2019-11-22T18:33:19","guid":{"rendered":"https:\/\/www.angelsurfschool.com\/surf-vouchers-presente-aulas-surf\/"},"modified":"2025-10-31T16:44:36","modified_gmt":"2025-10-31T16:44:36","slug":"surf-gutschein-carcavelos-lisbon","status":"publish","type":"page","link":"https:\/\/www.angelsurfschool.com\/de\/surf-gutschein-carcavelos-lisbon\/","title":{"rendered":"Surf Gutschein"},"content":{"rendered":"","protected":false},"excerpt":{"rendered":"","protected":false},"author":3,"featured_media":6482,"parent":0,"menu_order":3,"comment_status":"closed","ping_status":"closed","template":"","meta":{"footnotes":""},"class_list":["post-7229","page","type-page","status-publish","has-post-thumbnail","hentry"],"yoast_head":"<!-- This site is optimized with the Yoast SEO plugin v27.1.1 - https:\/\/yoast.com\/product\/yoast-seo-wordpress\/ -->\n<title>Surf Gutschein - Das perfekte Geschenk f\u00fcr jede Gelegenheit<\/title>\n<meta name=\"description\" content=\"Ihr sucht nach einem besonderen Geschenk f\u00fcr einen Geburtstag, Jubil\u00e4um, Hochzeit oder einfach nur so? Wie w\u00e4re es mit Surfunterricht? Einfach die Anzahl der Surfstunden aussuchen, f\u00fcr Einzel \u2013 oder Gruppenunterricht entscheiden, den entsprechenden. | Angels surf School\" \/>\n<meta name=\"robots\" content=\"index, follow, max-snippet:-1, max-image-preview:large, max-video-preview:-1\" \/>\n<link rel=\"canonical\" href=\"https:\/\/www.angelsurfschool.com\/de\/surf-gutschein-carcavelos-lisbon\/\" \/>\n<meta property=\"og:locale\" content=\"de_DE\" \/>\n<meta property=\"og:type\" content=\"article\" \/>\n<meta property=\"og:title\" content=\"Surf Gutschein - Das perfekte Geschenk f\u00fcr jede Gelegenheit\" \/>\n<meta property=\"og:description\" content=\"Ihr sucht nach einem besonderen Geschenk f\u00fcr einen Geburtstag, Jubil\u00e4um, Hochzeit oder einfach nur so? Wie w\u00e4re es mit Surfunterricht? Einfach die Anzahl der Surfstunden aussuchen, f\u00fcr Einzel \u2013 oder Gruppenunterricht entscheiden, den entsprechenden. | Angels surf School\" \/>\n<meta property=\"og:url\" content=\"https:\/\/www.angelsurfschool.com\/de\/surf-gutschein-carcavelos-lisbon\/\" \/>\n<meta property=\"og:site_name\" content=\"Angel Surf School\" \/>\n<meta property=\"article:modified_time\" content=\"2025-10-31T16:44:36+00:00\" \/>\n<meta property=\"og:image\" content=\"https:\/\/www.angelsurfschool.com\/wp-content\/uploads\/2015\/10\/Headr.Aulasjpg.jpg\" \/>\n\t<meta property=\"og:image:width\" content=\"1920\" \/>\n\t<meta property=\"og:image:height\" content=\"650\" \/>\n\t<meta property=\"og:image:type\" content=\"image\/jpeg\" \/>\n<meta name=\"twitter:card\" content=\"summary_large_image\" \/>\n<meta name=\"twitter:label1\" content=\"Gesch\u00e4tzte Lesezeit\" \/>\n\t<meta name=\"twitter:data1\" content=\"1\u00a0Minute\" \/>\n<script type=\"application\/ld+json\" class=\"yoast-schema-graph\">{\"@context\":\"https:\/\/schema.org\",\"@graph\":[{\"@type\":\"WebPage\",\"@id\":\"https:\/\/www.angelsurfschool.com\/de\/surf-gutschein-carcavelos-lisbon\/\",\"url\":\"https:\/\/www.angelsurfschool.com\/de\/surf-gutschein-carcavelos-lisbon\/\",\"name\":\"Surf Gutschein - Das perfekte Geschenk f\u00fcr jede Gelegenheit\",\"isPartOf\":{\"@id\":\"https:\/\/www.angelsurfschool.com\/#website\"},\"primaryImageOfPage\":{\"@id\":\"https:\/\/www.angelsurfschool.com\/de\/surf-gutschein-carcavelos-lisbon\/#primaryimage\"},\"image\":{\"@id\":\"https:\/\/www.angelsurfschool.com\/de\/surf-gutschein-carcavelos-lisbon\/#primaryimage\"},\"thumbnailUrl\":\"https:\/\/www.angelsurfschool.com\/wp-content\/uploads\/2015\/10\/Headr.Aulasjpg.jpg\",\"datePublished\":\"2019-11-22T18:33:19+00:00\",\"dateModified\":\"2025-10-31T16:44:36+00:00\",\"description\":\"Ihr sucht nach einem besonderen Geschenk f\u00fcr einen Geburtstag, Jubil\u00e4um, Hochzeit oder einfach nur so? Wie w\u00e4re es mit Surfunterricht? Einfach die Anzahl der Surfstunden aussuchen, f\u00fcr Einzel \u2013 oder Gruppenunterricht entscheiden, den entsprechenden. | Angels surf School\",\"breadcrumb\":{\"@id\":\"https:\/\/www.angelsurfschool.com\/de\/surf-gutschein-carcavelos-lisbon\/#breadcrumb\"},\"inLanguage\":\"de\",\"potentialAction\":[{\"@type\":\"ReadAction\",\"target\":[\"https:\/\/www.angelsurfschool.com\/de\/surf-gutschein-carcavelos-lisbon\/\"]}]},{\"@type\":\"ImageObject\",\"inLanguage\":\"de\",\"@id\":\"https:\/\/www.angelsurfschool.com\/de\/surf-gutschein-carcavelos-lisbon\/#primaryimage\",\"url\":\"https:\/\/www.angelsurfschool.com\/wp-content\/uploads\/2015\/10\/Headr.Aulasjpg.jpg\",\"contentUrl\":\"https:\/\/www.angelsurfschool.com\/wp-content\/uploads\/2015\/10\/Headr.Aulasjpg.jpg\",\"width\":1920,\"height\":650},{\"@type\":\"BreadcrumbList\",\"@id\":\"https:\/\/www.angelsurfschool.com\/de\/surf-gutschein-carcavelos-lisbon\/#breadcrumb\",\"itemListElement\":[{\"@type\":\"ListItem\",\"position\":1,\"name\":\"In\u00edcio\",\"item\":\"https:\/\/www.angelsurfschool.com\/de\/\"},{\"@type\":\"ListItem\",\"position\":2,\"name\":\"Surf Gutschein\"}]},{\"@type\":\"WebSite\",\"@id\":\"https:\/\/www.angelsurfschool.com\/#website\",\"url\":\"https:\/\/www.angelsurfschool.com\/\",\"name\":\"Angel Surf School\",\"description\":\"Surfschule Lissabon, Carcavelos\",\"publisher\":{\"@id\":\"https:\/\/www.angelsurfschool.com\/#organization\"},\"potentialAction\":[{\"@type\":\"SearchAction\",\"target\":{\"@type\":\"EntryPoint\",\"urlTemplate\":\"https:\/\/www.angelsurfschool.com\/?s={search_term_string}\"},\"query-input\":{\"@type\":\"PropertyValueSpecification\",\"valueRequired\":true,\"valueName\":\"search_term_string\"}}],\"inLanguage\":\"de\"},{\"@type\":\"Organization\",\"@id\":\"https:\/\/www.angelsurfschool.com\/#organization\",\"name\":\"Angels Surf School\",\"url\":\"https:\/\/www.angelsurfschool.com\/\",\"logo\":{\"@type\":\"ImageObject\",\"inLanguage\":\"de\",\"@id\":\"https:\/\/www.angelsurfschool.com\/#\/schema\/logo\/image\/\",\"url\":\"https:\/\/www.angelsurfschool.com\/wp-content\/uploads\/2016\/02\/escola-de-surf-angels-surf-school-retina-logo.png\",\"contentUrl\":\"https:\/\/www.angelsurfschool.com\/wp-content\/uploads\/2016\/02\/escola-de-surf-angels-surf-school-retina-logo.png\",\"width\":980,\"height\":862,\"caption\":\"Angels Surf School\"},\"image\":{\"@id\":\"https:\/\/www.angelsurfschool.com\/#\/schema\/logo\/image\/\"}}]}<\/script>\n<!-- \/ Yoast SEO plugin. -->","yoast_head_json":{"title":"Surf Gutschein - Das perfekte Geschenk f\u00fcr jede Gelegenheit","description":"Ihr sucht nach einem besonderen Geschenk f\u00fcr einen Geburtstag, Jubil\u00e4um, Hochzeit oder einfach nur so? Wie w\u00e4re es mit Surfunterricht? Einfach die Anzahl der Surfstunden aussuchen, f\u00fcr Einzel \u2013 oder Gruppenunterricht entscheiden, den entsprechenden. | Angels surf School","robots":{"index":"index","follow":"follow","max-snippet":"max-snippet:-1","max-image-preview":"max-image-preview:large","max-video-preview":"max-video-preview:-1"},"canonical":"https:\/\/www.angelsurfschool.com\/de\/surf-gutschein-carcavelos-lisbon\/","og_locale":"de_DE","og_type":"article","og_title":"Surf Gutschein - Das perfekte Geschenk f\u00fcr jede Gelegenheit","og_description":"Ihr sucht nach einem besonderen Geschenk f\u00fcr einen Geburtstag, Jubil\u00e4um, Hochzeit oder einfach nur so? Wie w\u00e4re es mit Surfunterricht? Einfach die Anzahl der Surfstunden aussuchen, f\u00fcr Einzel \u2013 oder Gruppenunterricht entscheiden, den entsprechenden. | Angels surf School","og_url":"https:\/\/www.angelsurfschool.com\/de\/surf-gutschein-carcavelos-lisbon\/","og_site_name":"Angel Surf School","article_modified_time":"2025-10-31T16:44:36+00:00","og_image":[{"width":1920,"height":650,"url":"https:\/\/www.angelsurfschool.com\/wp-content\/uploads\/2015\/10\/Headr.Aulasjpg.jpg","type":"image\/jpeg"}],"twitter_card":"summary_large_image","twitter_misc":{"Gesch\u00e4tzte Lesezeit":"1\u00a0Minute"},"schema":{"@context":"https:\/\/schema.org","@graph":[{"@type":"WebPage","@id":"https:\/\/www.angelsurfschool.com\/de\/surf-gutschein-carcavelos-lisbon\/","url":"https:\/\/www.angelsurfschool.com\/de\/surf-gutschein-carcavelos-lisbon\/","name":"Surf Gutschein - Das perfekte Geschenk f\u00fcr jede Gelegenheit","isPartOf":{"@id":"https:\/\/www.angelsurfschool.com\/#website"},"primaryImageOfPage":{"@id":"https:\/\/www.angelsurfschool.com\/de\/surf-gutschein-carcavelos-lisbon\/#primaryimage"},"image":{"@id":"https:\/\/www.angelsurfschool.com\/de\/surf-gutschein-carcavelos-lisbon\/#primaryimage"},"thumbnailUrl":"https:\/\/www.angelsurfschool.com\/wp-content\/uploads\/2015\/10\/Headr.Aulasjpg.jpg","datePublished":"2019-11-22T18:33:19+00:00","dateModified":"2025-10-31T16:44:36+00:00","description":"Ihr sucht nach einem besonderen Geschenk f\u00fcr einen Geburtstag, Jubil\u00e4um, Hochzeit oder einfach nur so? Wie w\u00e4re es mit Surfunterricht? Einfach die Anzahl der Surfstunden aussuchen, f\u00fcr Einzel \u2013 oder Gruppenunterricht entscheiden, den entsprechenden. | Angels surf School","breadcrumb":{"@id":"https:\/\/www.angelsurfschool.com\/de\/surf-gutschein-carcavelos-lisbon\/#breadcrumb"},"inLanguage":"de","potentialAction":[{"@type":"ReadAction","target":["https:\/\/www.angelsurfschool.com\/de\/surf-gutschein-carcavelos-lisbon\/"]}]},{"@type":"ImageObject","inLanguage":"de","@id":"https:\/\/www.angelsurfschool.com\/de\/surf-gutschein-carcavelos-lisbon\/#primaryimage","url":"https:\/\/www.angelsurfschool.com\/wp-content\/uploads\/2015\/10\/Headr.Aulasjpg.jpg","contentUrl":"https:\/\/www.angelsurfschool.com\/wp-content\/uploads\/2015\/10\/Headr.Aulasjpg.jpg","width":1920,"height":650},{"@type":"BreadcrumbList","@id":"https:\/\/www.angelsurfschool.com\/de\/surf-gutschein-carcavelos-lisbon\/#breadcrumb","itemListElement":[{"@type":"ListItem","position":1,"name":"In\u00edcio","item":"https:\/\/www.angelsurfschool.com\/de\/"},{"@type":"ListItem","position":2,"name":"Surf Gutschein"}]},{"@type":"WebSite","@id":"https:\/\/www.angelsurfschool.com\/#website","url":"https:\/\/www.angelsurfschool.com\/","name":"Angel Surf School","description":"Surfschule Lissabon, Carcavelos","publisher":{"@id":"https:\/\/www.angelsurfschool.com\/#organization"},"potentialAction":[{"@type":"SearchAction","target":{"@type":"EntryPoint","urlTemplate":"https:\/\/www.angelsurfschool.com\/?s={search_term_string}"},"query-input":{"@type":"PropertyValueSpecification","valueRequired":true,"valueName":"search_term_string"}}],"inLanguage":"de"},{"@type":"Organization","@id":"https:\/\/www.angelsurfschool.com\/#organization","name":"Angels Surf School","url":"https:\/\/www.angelsurfschool.com\/","logo":{"@type":"ImageObject","inLanguage":"de","@id":"https:\/\/www.angelsurfschool.com\/#\/schema\/logo\/image\/","url":"https:\/\/www.angelsurfschool.com\/wp-content\/uploads\/2016\/02\/escola-de-surf-angels-surf-school-retina-logo.png","contentUrl":"https:\/\/www.angelsurfschool.com\/wp-content\/uploads\/2016\/02\/escola-de-surf-angels-surf-school-retina-logo.png","width":980,"height":862,"caption":"Angels Surf School"},"image":{"@id":"https:\/\/www.angelsurfschool.com\/#\/schema\/logo\/image\/"}}]}},"_links":{"self":[{"href":"https:\/\/www.angelsurfschool.com\/de\/wp-json\/wp\/v2\/pages\/7229","targetHints":{"allow":["GET"]}}],"collection":[{"href":"https:\/\/www.angelsurfschool.com\/de\/wp-json\/wp\/v2\/pages"}],"about":[{"href":"https:\/\/www.angelsurfschool.com\/de\/wp-json\/wp\/v2\/types\/page"}],"author":[{"embeddable":true,"href":"https:\/\/www.angelsurfschool.com\/de\/wp-json\/wp\/v2\/users\/3"}],"replies":[{"embeddable":true,"href":"https:\/\/www.angelsurfschool.com\/de\/wp-json\/wp\/v2\/comments?post=7229"}],"version-history":[{"count":2,"href":"https:\/\/www.angelsurfschool.com\/de\/wp-json\/wp\/v2\/pages\/7229\/revisions"}],"predecessor-version":[{"id":7238,"href":"https:\/\/www.angelsurfschool.com\/de\/wp-json\/wp\/v2\/pages\/7229\/revisions\/7238"}],"wp:featuredmedia":[{"embeddable":true,"href":"https:\/\/www.angelsurfschool.com\/de\/wp-json\/wp\/v2\/media\/6482"}],"wp:attachment":[{"href":"https:\/\/www.angelsurfschool.com\/de\/wp-json\/wp\/v2\/media?parent=7229"}],"curies":[{"name":"wp","href":"https:\/\/api.w.org\/{rel}","templated":true}]}}